{"id":162,"date":"2017-10-24T14:13:50","date_gmt":"2017-10-24T12:13:50","guid":{"rendered":"http:\/\/uni.pulary.cz\/?page_id=162"},"modified":"2020-01-24T10:54:05","modified_gmt":"2020-01-24T09:54:05","slug":"sanace-svahu-zemnich-zarezu-a-staveb","status":"publish","type":"page","link":"https:\/\/www.unigeo.cz\/en\/obory-cinnosti\/stavebni-a-vrtne-prace\/sanace-svahu-zemnich-zarezu-a-staveb\/","title":{"rendered":"Sanace svah\u016f, zemn\u00edch z\u00e1\u0159ez\u016f a staveb"},"content":{"rendered":"","protected":false},"excerpt":{"rendered":"<p>&#8230;<\/p>\n<p><a class=\"btn btn-secondary understrap-read-more-link\" href=\"https:\/\/www.unigeo.cz\/en\/obory-cinnosti\/stavebni-a-vrtne-prace\/sanace-svahu-zemnich-zarezu-a-staveb\/\">Read More&#8230;<\/a><\/p>\n","protected":false},"author":1,"featured_media":0,"parent":93,"menu_order":0,"comment_status":"closed","ping_status":"closed","template":"page-geo_1.php","meta":{"_acf_changed":false,"footnotes":""},"class_list":["post-162","page","type-page","status-publish","hentry"],"acf":[],"publishpress_future_action":{"enabled":false,"date":"2026-04-18 10:44:32","action":"change-status","newStatus":"draft","terms":[],"taxonomy":"","extraData":[]},"publishpress_future_workflow_manual_trigger":{"enabledWorkflows":[]},"_links":{"self":[{"href":"https:\/\/www.unigeo.cz\/en\/wp-json\/wp\/v2\/pages\/162","targetHints":{"allow":["GET"]}}],"collection":[{"href":"https:\/\/www.unigeo.cz\/en\/wp-json\/wp\/v2\/pages"}],"about":[{"href":"https:\/\/www.unigeo.cz\/en\/wp-json\/wp\/v2\/types\/page"}],"author":[{"embeddable":true,"href":"https:\/\/www.unigeo.cz\/en\/wp-json\/wp\/v2\/users\/1"}],"replies":[{"embeddable":true,"href":"https:\/\/www.unigeo.cz\/en\/wp-json\/wp\/v2\/comments?post=162"}],"version-history":[{"count":3,"href":"https:\/\/www.unigeo.cz\/en\/wp-json\/wp\/v2\/pages\/162\/revisions"}],"predecessor-version":[{"id":1940,"href":"https:\/\/www.unigeo.cz\/en\/wp-json\/wp\/v2\/pages\/162\/revisions\/1940"}],"up":[{"embeddable":true,"href":"https:\/\/www.unigeo.cz\/en\/wp-json\/wp\/v2\/pages\/93"}],"wp:attachment":[{"href":"https:\/\/www.unigeo.cz\/en\/wp-json\/wp\/v2\/media?parent=162"}],"curies":[{"name":"wp","href":"https:\/\/api.w.org\/{rel}","templated":true}]}}