{"id":91,"date":"2017-10-23T10:35:22","date_gmt":"2017-10-23T08:35:22","guid":{"rendered":"http:\/\/uni.pulary.cz\/?page_id=91"},"modified":"2018-05-23T14:47:31","modified_gmt":"2018-05-23T12:47:31","slug":"tezba-nerostnych-surovin","status":"publish","type":"page","link":"https:\/\/www.unigeo.cz\/en\/obory-cinnosti\/tezba-nerostnych-surovin\/","title":{"rendered":"T\u011b\u017eba nerostn\u00fdch surovin"},"content":{"rendered":"","protected":false},"excerpt":{"rendered":"<p>&#8230;<\/p>\n<p><a class=\"btn btn-secondary understrap-read-more-link\" href=\"https:\/\/www.unigeo.cz\/en\/obory-cinnosti\/tezba-nerostnych-surovin\/\">Read More&#8230;<\/a><\/p>\n","protected":false},"author":1,"featured_media":0,"parent":13,"menu_order":0,"comment_status":"closed","ping_status":"closed","template":"page-tezba.php","meta":{"_acf_changed":false,"footnotes":""},"class_list":["post-91","page","type-page","status-publish","hentry"],"acf":[],"publishpress_future_action":{"enabled":false,"date":"2026-05-05 16:17:28","action":"change-status","newStatus":"draft","terms":[],"taxonomy":"","extraData":[]},"publishpress_future_workflow_manual_trigger":{"enabledWorkflows":[]},"_links":{"self":[{"href":"https:\/\/www.unigeo.cz\/en\/wp-json\/wp\/v2\/pages\/91","targetHints":{"allow":["GET"]}}],"collection":[{"href":"https:\/\/www.unigeo.cz\/en\/wp-json\/wp\/v2\/pages"}],"about":[{"href":"https:\/\/www.unigeo.cz\/en\/wp-json\/wp\/v2\/types\/page"}],"author":[{"embeddable":true,"href":"https:\/\/www.unigeo.cz\/en\/wp-json\/wp\/v2\/users\/1"}],"replies":[{"embeddable":true,"href":"https:\/\/www.unigeo.cz\/en\/wp-json\/wp\/v2\/comments?post=91"}],"version-history":[{"count":14,"href":"https:\/\/www.unigeo.cz\/en\/wp-json\/wp\/v2\/pages\/91\/revisions"}],"predecessor-version":[{"id":1051,"href":"https:\/\/www.unigeo.cz\/en\/wp-json\/wp\/v2\/pages\/91\/revisions\/1051"}],"up":[{"embeddable":true,"href":"https:\/\/www.unigeo.cz\/en\/wp-json\/wp\/v2\/pages\/13"}],"wp:attachment":[{"href":"https:\/\/www.unigeo.cz\/en\/wp-json\/wp\/v2\/media?parent=91"}],"curies":[{"name":"wp","href":"https:\/\/api.w.org\/{rel}","templated":true}]}}